{"id":7800,"date":"2021-04-19T09:15:26","date_gmt":"2021-04-19T13:15:26","guid":{"rendered":"https:\/\/reddeapoyocanino.org\/?post_type=product&#038;p=7800"},"modified":"2024-02-27T09:09:46","modified_gmt":"2024-02-27T13:09:46","slug":"stickers-rac","status":"publish","type":"product","link":"https:\/\/reddeapoyocanino.org\/en\/product\/stickers-rac\/","title":{"rendered":"Stickers RAC"},"content":{"rendered":"<p>Sticker RAC en litho autoadhesivo, redondo, 5 cm de di\u00e1metro.<\/p>\n<p>&nbsp;<\/p>\n<p>Env\u00edos a convenir en Venezuela o entrega personalmente en El Llanito o Caricuao.<\/p>\n<p>Para env\u00edos internacionales, por favor escr\u00edbenos <strong>antes de comprar<\/strong> a international@reddeapoyocanino.org<\/p>\n<p>Gracias!<\/p>\n<hr>\n<p>Available only in Venezuela.<\/p>\n<p>If you are interested in purchasing it from abroad, please send us an email to international@reddeapoyocanino.org <strong>beforehand.<\/strong><\/p>\n<p>Thanks!<\/p>\n<p>&nbsp;<\/p>\n<p>Imagen a modo ilustrativo<\/p>\n<p>Picture for reference only<\/p>","protected":false},"excerpt":{"rendered":"<p>Sticker RAC en litho autoadhesivo, redondo, 5 cm de di\u00e1metro.<\/p>\n<p>&nbsp;<\/p>\n<p>Env\u00edos a convenir en Venezuela o entrega personalmente en El Llanito o Caricuao.<\/p>\n<p>Para env\u00edos internacionales, por favor escr\u00edbenos <strong>antes de comprar<\/strong> a international@reddeapoyocanino.org<\/p>\n<p>Gracias!<\/p>\n<hr>\n<p>Available only in Venezuela.<\/p>\n<p>If you are interested in purchasing it from abroad, please send us an email to international@reddeapoyocanino.org <strong>beforehand.<\/strong><\/p>\n<p>Thanks!<\/p>\n<p>&nbsp;<\/p>\n<p>Imagen a modo ilustrativo<\/p>\n<p>Picture for reference only<\/p>","protected":false},"featured_media":7801,"comment_status":"open","ping_status":"closed","template":"","meta":{"site-sidebar-layout":"default","site-content-layout":"default","ast-site-content-layout":"default","site-content-style":"default","site-sidebar-style":"default","ast-global-header-display":"","ast-banner-title-visibility":"","ast-main-header-display":"","ast-hfb-above-header-display":"","ast-hfb-below-header-display":"","ast-hfb-mobile-header-display":"","site-post-title":"","ast-breadcrumbs-content":"","ast-featured-img":"","footer-sml-layout":"","ast-disable-related-posts":"","theme-transparent-header-meta":"default","adv-header-id-meta":"","stick-header-meta":"","header-above-stick-meta":"","header-main-stick-meta":"","header-below-stick-meta":"","astra-migrate-meta-layouts":"default","ast-page-background-enabled":"default","ast-page-background-meta":{"desktop":{"background-color":"","background-image":"","background-repeat":"repeat","background-position":"center center","background-size":"auto","background-attachment":"scroll","background-type":"","background-media":"","overlay-type":"","overlay-color":"","overlay-opacity":"","overlay-gradient":""},"tablet":{"background-color":"","background-image":"","background-repeat":"repeat","background-position":"center center","background-size":"auto","background-attachment":"scroll","background-type":"","background-media":"","overlay-type":"","overlay-color":"","overlay-opacity":"","overlay-gradient":""},"mobile":{"background-color":"","background-image":"","background-repeat":"repeat","background-position":"center center","background-size":"auto","background-attachment":"scroll","background-type":"","background-media":"","overlay-type":"","overlay-color":"","overlay-opacity":"","overlay-gradient":""}},"ast-content-background-meta":{"desktop":{"background-color":"var(--ast-global-color-5)","background-image":"","background-repeat":"repeat","background-position":"center center","background-size":"auto","background-attachment":"scroll","background-type":"","background-media":"","overlay-type":"","overlay-color":"","overlay-opacity":"","overlay-gradient":""},"tablet":{"background-color":"var(--ast-global-color-5)","background-image":"","background-repeat":"repeat","background-position":"center center","background-size":"auto","background-attachment":"scroll","background-type":"","background-media":"","overlay-type":"","overlay-color":"","overlay-opacity":"","overlay-gradient":""},"mobile":{"background-color":"var(--ast-global-color-5)","background-image":"","background-repeat":"repeat","background-position":"center center","background-size":"auto","background-attachment":"scroll","background-type":"","background-media":"","overlay-type":"","overlay-color":"","overlay-opacity":"","overlay-gradient":""}},"ngg_post_thumbnail":0},"product_brand":[],"product_cat":[69],"product_tag":[],"class_list":{"0":"post-7800","1":"product","2":"type-product","3":"status-publish","4":"has-post-thumbnail","6":"product_cat-coleccion-2021","7":"desktop-align-left","8":"tablet-align-left","9":"mobile-align-left","11":"first","12":"instock","13":"shipping-taxable","14":"purchasable","15":"product-type-simple"},"yoast_head":"<!-- This site is optimized with the Yoast SEO plugin v27.4 - https:\/\/yoast.com\/product\/yoast-seo-wordpress\/ -->\n<title>Stickers RAC - Red de Apoyo Canino<\/title>\n<meta name=\"robots\" content=\"index, follow, max-snippet:-1, max-image-preview:large, max-video-preview:-1\" \/>\n<link rel=\"canonical\" href=\"https:\/\/reddeapoyocanino.org\/en\/product\/stickers-rac\/\" \/>\n<meta property=\"og:locale\" content=\"en_US\" \/>\n<meta property=\"og:type\" content=\"article\" \/>\n<meta property=\"og:title\" content=\"Stickers RAC - Red de Apoyo Canino\" \/>\n<meta property=\"og:description\" content=\"Sticker RAC en litho autoadhesivo, redondo, 5 cm de di\u00e1metro.  &nbsp;  Env\u00edos a convenir en Venezuela o entrega personalmente en El Llanito o Caricuao.  Para env\u00edos internacionales, por favor escr\u00edbenos antes de comprar a international@reddeapoyocanino.org  Gracias!    Available only in Venezuela.  If you are interested in purchasing it from abroad, please send us an email to international@reddeapoyocanino.org beforehand.  Thanks!  &nbsp;  Imagen a modo ilustrativo  Picture for reference only\" \/>\n<meta property=\"og:url\" content=\"https:\/\/reddeapoyocanino.org\/en\/product\/stickers-rac\/\" \/>\n<meta property=\"og:site_name\" content=\"Red de Apoyo Canino\" \/>\n<meta property=\"article:modified_time\" content=\"2024-02-27T13:09:46+00:00\" \/>\n<meta property=\"og:image\" content=\"https:\/\/reddeapoyocanino.org\/wp-content\/uploads\/2021\/04\/PHOTO-2021-04-16-11-27-31.jpg\" \/>\n\t<meta property=\"og:image:width\" content=\"663\" \/>\n\t<meta property=\"og:image:height\" content=\"663\" \/>\n\t<meta property=\"og:image:type\" content=\"image\/jpeg\" \/>\n<meta name=\"twitter:card\" content=\"summary_large_image\" \/>\n<meta name=\"twitter:label1\" content=\"Est. reading time\" \/>\n\t<meta name=\"twitter:data1\" content=\"1 minute\" \/>\n<script type=\"application\/ld+json\" class=\"yoast-schema-graph\">{\"@context\":\"https:\\\/\\\/schema.org\",\"@graph\":[{\"@type\":\"WebPage\",\"@id\":\"https:\\\/\\\/reddeapoyocanino.org\\\/producto\\\/stickers-rac\\\/\",\"url\":\"https:\\\/\\\/reddeapoyocanino.org\\\/producto\\\/stickers-rac\\\/\",\"name\":\"Stickers RAC - Red de Apoyo Canino\",\"isPartOf\":{\"@id\":\"https:\\\/\\\/reddeapoyocanino.org\\\/#website\"},\"primaryImageOfPage\":{\"@id\":\"https:\\\/\\\/reddeapoyocanino.org\\\/producto\\\/stickers-rac\\\/#primaryimage\"},\"image\":{\"@id\":\"https:\\\/\\\/reddeapoyocanino.org\\\/producto\\\/stickers-rac\\\/#primaryimage\"},\"thumbnailUrl\":\"https:\\\/\\\/reddeapoyocanino.org\\\/wp-content\\\/uploads\\\/2021\\\/04\\\/PHOTO-2021-04-16-11-27-31.jpg\",\"datePublished\":\"2021-04-19T13:15:26+00:00\",\"dateModified\":\"2024-02-27T13:09:46+00:00\",\"breadcrumb\":{\"@id\":\"https:\\\/\\\/reddeapoyocanino.org\\\/producto\\\/stickers-rac\\\/#breadcrumb\"},\"inLanguage\":\"en-US\",\"potentialAction\":[{\"@type\":\"ReadAction\",\"target\":[\"https:\\\/\\\/reddeapoyocanino.org\\\/producto\\\/stickers-rac\\\/\"]}]},{\"@type\":\"ImageObject\",\"inLanguage\":\"en-US\",\"@id\":\"https:\\\/\\\/reddeapoyocanino.org\\\/producto\\\/stickers-rac\\\/#primaryimage\",\"url\":\"https:\\\/\\\/reddeapoyocanino.org\\\/wp-content\\\/uploads\\\/2021\\\/04\\\/PHOTO-2021-04-16-11-27-31.jpg\",\"contentUrl\":\"https:\\\/\\\/reddeapoyocanino.org\\\/wp-content\\\/uploads\\\/2021\\\/04\\\/PHOTO-2021-04-16-11-27-31.jpg\",\"width\":663,\"height\":663,\"caption\":\"Sticker RAC\"},{\"@type\":\"BreadcrumbList\",\"@id\":\"https:\\\/\\\/reddeapoyocanino.org\\\/producto\\\/stickers-rac\\\/#breadcrumb\",\"itemListElement\":[{\"@type\":\"ListItem\",\"position\":1,\"name\":\"Home\",\"item\":\"https:\\\/\\\/reddeapoyocanino.org\\\/\"},{\"@type\":\"ListItem\",\"position\":2,\"name\":\"Tienda\",\"item\":\"https:\\\/\\\/reddeapoyocanino.org\\\/tienda\\\/\"},{\"@type\":\"ListItem\",\"position\":3,\"name\":\"Stickers RAC\"}]},{\"@type\":\"WebSite\",\"@id\":\"https:\\\/\\\/reddeapoyocanino.org\\\/#website\",\"url\":\"https:\\\/\\\/reddeapoyocanino.org\\\/\",\"name\":\"Red de Apoyo Canino\",\"description\":\"Red de Apoyo Canino\",\"publisher\":{\"@id\":\"https:\\\/\\\/reddeapoyocanino.org\\\/#organization\"},\"potentialAction\":[{\"@type\":\"SearchAction\",\"target\":{\"@type\":\"EntryPoint\",\"urlTemplate\":\"https:\\\/\\\/reddeapoyocanino.org\\\/?s={search_term_string}\"},\"query-input\":{\"@type\":\"PropertyValueSpecification\",\"valueRequired\":true,\"valueName\":\"search_term_string\"}}],\"inLanguage\":\"en-US\"},{\"@type\":\"Organization\",\"@id\":\"https:\\\/\\\/reddeapoyocanino.org\\\/#organization\",\"name\":\"Red de Apoyo Canino\",\"url\":\"https:\\\/\\\/reddeapoyocanino.org\\\/\",\"logo\":{\"@type\":\"ImageObject\",\"inLanguage\":\"en-US\",\"@id\":\"https:\\\/\\\/reddeapoyocanino.org\\\/#\\\/schema\\\/logo\\\/image\\\/\",\"url\":\"https:\\\/\\\/reddeapoyocanino.org\\\/wp-content\\\/uploads\\\/2020\\\/09\\\/cropped-cropped-logo-RAC-01-01-1.png\",\"contentUrl\":\"https:\\\/\\\/reddeapoyocanino.org\\\/wp-content\\\/uploads\\\/2020\\\/09\\\/cropped-cropped-logo-RAC-01-01-1.png\",\"width\":463,\"height\":203,\"caption\":\"Red de Apoyo Canino\"},\"image\":{\"@id\":\"https:\\\/\\\/reddeapoyocanino.org\\\/#\\\/schema\\\/logo\\\/image\\\/\"}}]}<\/script>\n<!-- \/ Yoast SEO plugin. -->","yoast_head_json":{"title":"Stickers RAC - Red de Apoyo Canino","robots":{"index":"index","follow":"follow","max-snippet":"max-snippet:-1","max-image-preview":"max-image-preview:large","max-video-preview":"max-video-preview:-1"},"canonical":"https:\/\/reddeapoyocanino.org\/en\/product\/stickers-rac\/","og_locale":"en_US","og_type":"article","og_title":"Stickers RAC - Red de Apoyo Canino","og_description":"Sticker RAC en litho autoadhesivo, redondo, 5 cm de di\u00e1metro.  &nbsp;  Env\u00edos a convenir en Venezuela o entrega personalmente en El Llanito o Caricuao.  Para env\u00edos internacionales, por favor escr\u00edbenos antes de comprar a international@reddeapoyocanino.org  Gracias!    Available only in Venezuela.  If you are interested in purchasing it from abroad, please send us an email to international@reddeapoyocanino.org beforehand.  Thanks!  &nbsp;  Imagen a modo ilustrativo  Picture for reference only","og_url":"https:\/\/reddeapoyocanino.org\/en\/product\/stickers-rac\/","og_site_name":"Red de Apoyo Canino","article_modified_time":"2024-02-27T13:09:46+00:00","og_image":[{"width":663,"height":663,"url":"https:\/\/reddeapoyocanino.org\/wp-content\/uploads\/2021\/04\/PHOTO-2021-04-16-11-27-31.jpg","type":"image\/jpeg"}],"twitter_card":"summary_large_image","twitter_misc":{"Est. reading time":"1 minute"},"schema":{"@context":"https:\/\/schema.org","@graph":[{"@type":"WebPage","@id":"https:\/\/reddeapoyocanino.org\/producto\/stickers-rac\/","url":"https:\/\/reddeapoyocanino.org\/producto\/stickers-rac\/","name":"Stickers RAC - Red de Apoyo Canino","isPartOf":{"@id":"https:\/\/reddeapoyocanino.org\/#website"},"primaryImageOfPage":{"@id":"https:\/\/reddeapoyocanino.org\/producto\/stickers-rac\/#primaryimage"},"image":{"@id":"https:\/\/reddeapoyocanino.org\/producto\/stickers-rac\/#primaryimage"},"thumbnailUrl":"https:\/\/reddeapoyocanino.org\/wp-content\/uploads\/2021\/04\/PHOTO-2021-04-16-11-27-31.jpg","datePublished":"2021-04-19T13:15:26+00:00","dateModified":"2024-02-27T13:09:46+00:00","breadcrumb":{"@id":"https:\/\/reddeapoyocanino.org\/producto\/stickers-rac\/#breadcrumb"},"inLanguage":"en-US","potentialAction":[{"@type":"ReadAction","target":["https:\/\/reddeapoyocanino.org\/producto\/stickers-rac\/"]}]},{"@type":"ImageObject","inLanguage":"en-US","@id":"https:\/\/reddeapoyocanino.org\/producto\/stickers-rac\/#primaryimage","url":"https:\/\/reddeapoyocanino.org\/wp-content\/uploads\/2021\/04\/PHOTO-2021-04-16-11-27-31.jpg","contentUrl":"https:\/\/reddeapoyocanino.org\/wp-content\/uploads\/2021\/04\/PHOTO-2021-04-16-11-27-31.jpg","width":663,"height":663,"caption":"Sticker RAC"},{"@type":"BreadcrumbList","@id":"https:\/\/reddeapoyocanino.org\/producto\/stickers-rac\/#breadcrumb","itemListElement":[{"@type":"ListItem","position":1,"name":"Home","item":"https:\/\/reddeapoyocanino.org\/"},{"@type":"ListItem","position":2,"name":"Tienda","item":"https:\/\/reddeapoyocanino.org\/tienda\/"},{"@type":"ListItem","position":3,"name":"Stickers RAC"}]},{"@type":"WebSite","@id":"https:\/\/reddeapoyocanino.org\/#website","url":"https:\/\/reddeapoyocanino.org\/","name":"Red de Apoyo Canino","description":"Red de Apoyo Canino","publisher":{"@id":"https:\/\/reddeapoyocanino.org\/#organization"},"potentialAction":[{"@type":"SearchAction","target":{"@type":"EntryPoint","urlTemplate":"https:\/\/reddeapoyocanino.org\/?s={search_term_string}"},"query-input":{"@type":"PropertyValueSpecification","valueRequired":true,"valueName":"search_term_string"}}],"inLanguage":"en-US"},{"@type":"Organization","@id":"https:\/\/reddeapoyocanino.org\/#organization","name":"Red de Apoyo Canino","url":"https:\/\/reddeapoyocanino.org\/","logo":{"@type":"ImageObject","inLanguage":"en-US","@id":"https:\/\/reddeapoyocanino.org\/#\/schema\/logo\/image\/","url":"https:\/\/reddeapoyocanino.org\/wp-content\/uploads\/2020\/09\/cropped-cropped-logo-RAC-01-01-1.png","contentUrl":"https:\/\/reddeapoyocanino.org\/wp-content\/uploads\/2020\/09\/cropped-cropped-logo-RAC-01-01-1.png","width":463,"height":203,"caption":"Red de Apoyo Canino"},"image":{"@id":"https:\/\/reddeapoyocanino.org\/#\/schema\/logo\/image\/"}}]}},"_links":{"self":[{"href":"https:\/\/reddeapoyocanino.org\/en\/wp-json\/wp\/v2\/product\/7800","targetHints":{"allow":["GET"]}}],"collection":[{"href":"https:\/\/reddeapoyocanino.org\/en\/wp-json\/wp\/v2\/product"}],"about":[{"href":"https:\/\/reddeapoyocanino.org\/en\/wp-json\/wp\/v2\/types\/product"}],"replies":[{"embeddable":true,"href":"https:\/\/reddeapoyocanino.org\/en\/wp-json\/wp\/v2\/comments?post=7800"}],"wp:featuredmedia":[{"embeddable":true,"href":"https:\/\/reddeapoyocanino.org\/en\/wp-json\/wp\/v2\/media\/7801"}],"wp:attachment":[{"href":"https:\/\/reddeapoyocanino.org\/en\/wp-json\/wp\/v2\/media?parent=7800"}],"wp:term":[{"taxonomy":"product_brand","embeddable":true,"href":"https:\/\/reddeapoyocanino.org\/en\/wp-json\/wp\/v2\/product_brand?post=7800"},{"taxonomy":"product_cat","embeddable":true,"href":"https:\/\/reddeapoyocanino.org\/en\/wp-json\/wp\/v2\/product_cat?post=7800"},{"taxonomy":"product_tag","embeddable":true,"href":"https:\/\/reddeapoyocanino.org\/en\/wp-json\/wp\/v2\/product_tag?post=7800"}],"curies":[{"name":"wp","href":"https:\/\/api.w.org\/{rel}","templated":true}]}}