{"id":7650,"date":"2021-03-08T18:50:45","date_gmt":"2021-03-08T22:50:45","guid":{"rendered":"https:\/\/reddeapoyocanino.org\/?post_type=product&#038;p=7650"},"modified":"2024-02-24T23:22:24","modified_gmt":"2024-02-25T03:22:24","slug":"consulta-astrologica","status":"publish","type":"product","link":"https:\/\/reddeapoyocanino.org\/en\/product\/consulta-astrologica\/","title":{"rendered":"Consulta sobre la misi\u00f3n astrol\u00f3gica de tu mascota"},"content":{"rendered":"<p><strong>La misi\u00f3n astrol\u00f3gica de nuestras mascotas<\/strong><\/p>\n<p>Con la astr\u00f3loga Victoria Rem<\/p>\n<p>Costo: USD 20 (de los cuales USD 10 ser\u00e1n donados a la RAC).<\/p>\n<p>Para adquirlo, llena este formulario <a href=\"https:\/\/forms.gle\/ZmRvUJkH6WFEYH1J9\">https:\/\/forms.gle\/ZmRvUJkH6WFEYH1J9<\/a> y te enviaremos las instrucciones y el link de pago por PayPal.<\/p>\n<p>&nbsp;<\/p>\n<p>Nuestros animales de compa\u00f1\u00eda est\u00e1n en nuestras vidas con una misi\u00f3n muy clara, nos ayudan a sanar nuestras heridas y superar etapas de nuestra personalidad, as\u00ed como a dejar atr\u00e1s patrones de comportamientos a trav\u00e9s de su amor y alegr\u00eda, ayud\u00e1ndonos a sanar nuestras enfermedades entre muchas otras cosas.<\/p>\n<p>Nuestros amiguitos peludos saben perfectamente su misi\u00f3n en nuestras vidas, aunque nosotros no somos conscientes en absoluto de ello. Estar conscientes y ser capaces de agradecer a la vida y al Universo por el agente de sanaci\u00f3n que representa nuestra mascota es un paso evolutivo importante porque nos permite extender nuestro amor y confianza en el Universo, y a modificar la creencia de que estamos solos y sin ayuda en nuestras vidas.<\/p>\n<p>Lo principal es conocer el d\u00eda y la hora aproximada en que nuestro \u00e1ngel peludo lleg\u00f3 a nuestra casa, ya que \u00e9sta representa la llegada a nuestro entorno; es el escenario en el que la mascota actuar\u00e1 en nuestras vidas. Con estos datos, calcularemos una carta astral que nos indicar\u00e1 la situaci\u00f3n emocional en la que llega la mascota, la parte de nuestras vidas que viene a potenciar, los problemas que viene a reflejar a trav\u00e9s de su salud y la parte del \u00e1rbol geneal\u00f3gico que venimos a sanar.<\/p>\n<p>Din\u00e1mica: una vez realizado el pago, en los siguientes 7 d\u00edas h\u00e1biles se enviar\u00e1 el material por Whatsapp (audios) a trav\u00e9s de los cuales podr\u00e1 interactuar con la astr\u00f3loga, formular preguntas y aclarar las dudas de la consulta.<\/p>","protected":false},"excerpt":{"rendered":"<p>Consulta astrol\u00f3gica sobre la misi\u00f3n de tu mascota en tu vida<\/p>","protected":false},"featured_media":7652,"comment_status":"open","ping_status":"closed","template":"","meta":{"site-sidebar-layout":"default","site-content-layout":"default","ast-site-content-layout":"default","site-content-style":"default","site-sidebar-style":"default","ast-global-header-display":"","ast-banner-title-visibility":"","ast-main-header-display":"","ast-hfb-above-header-display":"","ast-hfb-below-header-display":"","ast-hfb-mobile-header-display":"","site-post-title":"","ast-breadcrumbs-content":"","ast-featured-img":"","footer-sml-layout":"","ast-disable-related-posts":"","theme-transparent-header-meta":"default","adv-header-id-meta":"","stick-header-meta":"","header-above-stick-meta":"","header-main-stick-meta":"","header-below-stick-meta":"","astra-migrate-meta-layouts":"default","ast-page-background-enabled":"default","ast-page-background-meta":{"desktop":{"background-color":"","background-image":"","background-repeat":"repeat","background-position":"center center","background-size":"auto","background-attachment":"scroll","background-type":"","background-media":"","overlay-type":"","overlay-color":"","overlay-opacity":"","overlay-gradient":""},"tablet":{"background-color":"","background-image":"","background-repeat":"repeat","background-position":"center center","background-size":"auto","background-attachment":"scroll","background-type":"","background-media":"","overlay-type":"","overlay-color":"","overlay-opacity":"","overlay-gradient":""},"mobile":{"background-color":"","background-image":"","background-repeat":"repeat","background-position":"center center","background-size":"auto","background-attachment":"scroll","background-type":"","background-media":"","overlay-type":"","overlay-color":"","overlay-opacity":"","overlay-gradient":""}},"ast-content-background-meta":{"desktop":{"background-color":"var(--ast-global-color-5)","background-image":"","background-repeat":"repeat","background-position":"center center","background-size":"auto","background-attachment":"scroll","background-type":"","background-media":"","overlay-type":"","overlay-color":"","overlay-opacity":"","overlay-gradient":""},"tablet":{"background-color":"var(--ast-global-color-5)","background-image":"","background-repeat":"repeat","background-position":"center center","background-size":"auto","background-attachment":"scroll","background-type":"","background-media":"","overlay-type":"","overlay-color":"","overlay-opacity":"","overlay-gradient":""},"mobile":{"background-color":"var(--ast-global-color-5)","background-image":"","background-repeat":"repeat","background-position":"center center","background-size":"auto","background-attachment":"scroll","background-type":"","background-media":"","overlay-type":"","overlay-color":"","overlay-opacity":"","overlay-gradient":""}},"ngg_post_thumbnail":0},"product_brand":[],"product_cat":[67],"product_tag":[],"class_list":{"0":"post-7650","1":"product","2":"type-product","3":"status-publish","4":"has-post-thumbnail","6":"product_cat-astrologia","7":"desktop-align-left","8":"tablet-align-left","9":"mobile-align-left","11":"first","12":"instock","13":"virtual","14":"purchasable","15":"product-type-simple"},"yoast_head":"<!-- This site is optimized with the Yoast SEO plugin v27.4 - https:\/\/yoast.com\/product\/yoast-seo-wordpress\/ -->\n<title>Consulta sobre la misi\u00f3n astrol\u00f3gica de tu mascota - Red de Apoyo Canino<\/title>\n<meta name=\"robots\" content=\"index, follow, max-snippet:-1, max-image-preview:large, max-video-preview:-1\" \/>\n<link rel=\"canonical\" href=\"https:\/\/reddeapoyocanino.org\/en\/product\/consulta-astrologica\/\" \/>\n<meta property=\"og:locale\" content=\"en_US\" \/>\n<meta property=\"og:type\" content=\"article\" \/>\n<meta property=\"og:title\" content=\"Consulta sobre la misi\u00f3n astrol\u00f3gica de tu mascota - Red de Apoyo Canino\" \/>\n<meta property=\"og:description\" content=\"Consulta astrol\u00f3gica sobre la misi\u00f3n de tu mascota en tu vida\" \/>\n<meta property=\"og:url\" content=\"https:\/\/reddeapoyocanino.org\/en\/product\/consulta-astrologica\/\" \/>\n<meta property=\"og:site_name\" content=\"Red de Apoyo Canino\" \/>\n<meta property=\"article:modified_time\" content=\"2024-02-25T03:22:24+00:00\" \/>\n<meta property=\"og:image\" content=\"https:\/\/reddeapoyocanino.org\/wp-content\/uploads\/2021\/03\/Astrologi\u0301a-y-animales_-lo-que-tu-perr@-o-gat@-vino-a-ensen\u0303arte-3.png\" \/>\n\t<meta property=\"og:image:width\" content=\"1080\" \/>\n\t<meta property=\"og:image:height\" content=\"1080\" \/>\n\t<meta property=\"og:image:type\" content=\"image\/png\" \/>\n<meta name=\"twitter:card\" content=\"summary_large_image\" \/>\n<meta name=\"twitter:label1\" content=\"Est. reading time\" \/>\n\t<meta name=\"twitter:data1\" content=\"2 minutes\" \/>\n<script type=\"application\/ld+json\" class=\"yoast-schema-graph\">{\"@context\":\"https:\\\/\\\/schema.org\",\"@graph\":[{\"@type\":\"WebPage\",\"@id\":\"https:\\\/\\\/reddeapoyocanino.org\\\/producto\\\/consulta-astrologica\\\/\",\"url\":\"https:\\\/\\\/reddeapoyocanino.org\\\/producto\\\/consulta-astrologica\\\/\",\"name\":\"Consulta sobre la misi\u00f3n astrol\u00f3gica de tu mascota - Red de Apoyo Canino\",\"isPartOf\":{\"@id\":\"https:\\\/\\\/reddeapoyocanino.org\\\/#website\"},\"primaryImageOfPage\":{\"@id\":\"https:\\\/\\\/reddeapoyocanino.org\\\/producto\\\/consulta-astrologica\\\/#primaryimage\"},\"image\":{\"@id\":\"https:\\\/\\\/reddeapoyocanino.org\\\/producto\\\/consulta-astrologica\\\/#primaryimage\"},\"thumbnailUrl\":\"https:\\\/\\\/reddeapoyocanino.org\\\/wp-content\\\/uploads\\\/2021\\\/03\\\/Astrologi\u0301a-y-animales_-lo-que-tu-perr@-o-gat@-vino-a-ensen\u0303arte-3.png\",\"datePublished\":\"2021-03-08T22:50:45+00:00\",\"dateModified\":\"2024-02-25T03:22:24+00:00\",\"breadcrumb\":{\"@id\":\"https:\\\/\\\/reddeapoyocanino.org\\\/producto\\\/consulta-astrologica\\\/#breadcrumb\"},\"inLanguage\":\"en-US\",\"potentialAction\":[{\"@type\":\"ReadAction\",\"target\":[\"https:\\\/\\\/reddeapoyocanino.org\\\/producto\\\/consulta-astrologica\\\/\"]}]},{\"@type\":\"ImageObject\",\"inLanguage\":\"en-US\",\"@id\":\"https:\\\/\\\/reddeapoyocanino.org\\\/producto\\\/consulta-astrologica\\\/#primaryimage\",\"url\":\"https:\\\/\\\/reddeapoyocanino.org\\\/wp-content\\\/uploads\\\/2021\\\/03\\\/Astrologi\u0301a-y-animales_-lo-que-tu-perr@-o-gat@-vino-a-ensen\u0303arte-3.png\",\"contentUrl\":\"https:\\\/\\\/reddeapoyocanino.org\\\/wp-content\\\/uploads\\\/2021\\\/03\\\/Astrologi\u0301a-y-animales_-lo-que-tu-perr@-o-gat@-vino-a-ensen\u0303arte-3.png\",\"width\":1080,\"height\":1080,\"caption\":\"Consulta astrol\u00f3gica\"},{\"@type\":\"BreadcrumbList\",\"@id\":\"https:\\\/\\\/reddeapoyocanino.org\\\/producto\\\/consulta-astrologica\\\/#breadcrumb\",\"itemListElement\":[{\"@type\":\"ListItem\",\"position\":1,\"name\":\"Home\",\"item\":\"https:\\\/\\\/reddeapoyocanino.org\\\/\"},{\"@type\":\"ListItem\",\"position\":2,\"name\":\"Tienda\",\"item\":\"https:\\\/\\\/reddeapoyocanino.org\\\/tienda\\\/\"},{\"@type\":\"ListItem\",\"position\":3,\"name\":\"Consulta sobre la misi\u00f3n astrol\u00f3gica de tu mascota\"}]},{\"@type\":\"WebSite\",\"@id\":\"https:\\\/\\\/reddeapoyocanino.org\\\/#website\",\"url\":\"https:\\\/\\\/reddeapoyocanino.org\\\/\",\"name\":\"Red de Apoyo Canino\",\"description\":\"Red de Apoyo Canino\",\"publisher\":{\"@id\":\"https:\\\/\\\/reddeapoyocanino.org\\\/#organization\"},\"potentialAction\":[{\"@type\":\"SearchAction\",\"target\":{\"@type\":\"EntryPoint\",\"urlTemplate\":\"https:\\\/\\\/reddeapoyocanino.org\\\/?s={search_term_string}\"},\"query-input\":{\"@type\":\"PropertyValueSpecification\",\"valueRequired\":true,\"valueName\":\"search_term_string\"}}],\"inLanguage\":\"en-US\"},{\"@type\":\"Organization\",\"@id\":\"https:\\\/\\\/reddeapoyocanino.org\\\/#organization\",\"name\":\"Red de Apoyo Canino\",\"url\":\"https:\\\/\\\/reddeapoyocanino.org\\\/\",\"logo\":{\"@type\":\"ImageObject\",\"inLanguage\":\"en-US\",\"@id\":\"https:\\\/\\\/reddeapoyocanino.org\\\/#\\\/schema\\\/logo\\\/image\\\/\",\"url\":\"https:\\\/\\\/reddeapoyocanino.org\\\/wp-content\\\/uploads\\\/2020\\\/09\\\/cropped-cropped-logo-RAC-01-01-1.png\",\"contentUrl\":\"https:\\\/\\\/reddeapoyocanino.org\\\/wp-content\\\/uploads\\\/2020\\\/09\\\/cropped-cropped-logo-RAC-01-01-1.png\",\"width\":463,\"height\":203,\"caption\":\"Red de Apoyo Canino\"},\"image\":{\"@id\":\"https:\\\/\\\/reddeapoyocanino.org\\\/#\\\/schema\\\/logo\\\/image\\\/\"}}]}<\/script>\n<!-- \/ Yoast SEO plugin. -->","yoast_head_json":{"title":"Consulta sobre la misi\u00f3n astrol\u00f3gica de tu mascota - Red de Apoyo Canino","robots":{"index":"index","follow":"follow","max-snippet":"max-snippet:-1","max-image-preview":"max-image-preview:large","max-video-preview":"max-video-preview:-1"},"canonical":"https:\/\/reddeapoyocanino.org\/en\/product\/consulta-astrologica\/","og_locale":"en_US","og_type":"article","og_title":"Consulta sobre la misi\u00f3n astrol\u00f3gica de tu mascota - Red de Apoyo Canino","og_description":"Consulta astrol\u00f3gica sobre la misi\u00f3n de tu mascota en tu vida","og_url":"https:\/\/reddeapoyocanino.org\/en\/product\/consulta-astrologica\/","og_site_name":"Red de Apoyo Canino","article_modified_time":"2024-02-25T03:22:24+00:00","og_image":[{"width":1080,"height":1080,"url":"https:\/\/reddeapoyocanino.org\/wp-content\/uploads\/2021\/03\/Astrologi\u0301a-y-animales_-lo-que-tu-perr@-o-gat@-vino-a-ensen\u0303arte-3.png","type":"image\/png"}],"twitter_card":"summary_large_image","twitter_misc":{"Est. reading time":"2 minutes"},"schema":{"@context":"https:\/\/schema.org","@graph":[{"@type":"WebPage","@id":"https:\/\/reddeapoyocanino.org\/producto\/consulta-astrologica\/","url":"https:\/\/reddeapoyocanino.org\/producto\/consulta-astrologica\/","name":"Consulta sobre la misi\u00f3n astrol\u00f3gica de tu mascota - Red de Apoyo Canino","isPartOf":{"@id":"https:\/\/reddeapoyocanino.org\/#website"},"primaryImageOfPage":{"@id":"https:\/\/reddeapoyocanino.org\/producto\/consulta-astrologica\/#primaryimage"},"image":{"@id":"https:\/\/reddeapoyocanino.org\/producto\/consulta-astrologica\/#primaryimage"},"thumbnailUrl":"https:\/\/reddeapoyocanino.org\/wp-content\/uploads\/2021\/03\/Astrologi\u0301a-y-animales_-lo-que-tu-perr@-o-gat@-vino-a-ensen\u0303arte-3.png","datePublished":"2021-03-08T22:50:45+00:00","dateModified":"2024-02-25T03:22:24+00:00","breadcrumb":{"@id":"https:\/\/reddeapoyocanino.org\/producto\/consulta-astrologica\/#breadcrumb"},"inLanguage":"en-US","potentialAction":[{"@type":"ReadAction","target":["https:\/\/reddeapoyocanino.org\/producto\/consulta-astrologica\/"]}]},{"@type":"ImageObject","inLanguage":"en-US","@id":"https:\/\/reddeapoyocanino.org\/producto\/consulta-astrologica\/#primaryimage","url":"https:\/\/reddeapoyocanino.org\/wp-content\/uploads\/2021\/03\/Astrologi\u0301a-y-animales_-lo-que-tu-perr@-o-gat@-vino-a-ensen\u0303arte-3.png","contentUrl":"https:\/\/reddeapoyocanino.org\/wp-content\/uploads\/2021\/03\/Astrologi\u0301a-y-animales_-lo-que-tu-perr@-o-gat@-vino-a-ensen\u0303arte-3.png","width":1080,"height":1080,"caption":"Consulta astrol\u00f3gica"},{"@type":"BreadcrumbList","@id":"https:\/\/reddeapoyocanino.org\/producto\/consulta-astrologica\/#breadcrumb","itemListElement":[{"@type":"ListItem","position":1,"name":"Home","item":"https:\/\/reddeapoyocanino.org\/"},{"@type":"ListItem","position":2,"name":"Tienda","item":"https:\/\/reddeapoyocanino.org\/tienda\/"},{"@type":"ListItem","position":3,"name":"Consulta sobre la misi\u00f3n astrol\u00f3gica de tu mascota"}]},{"@type":"WebSite","@id":"https:\/\/reddeapoyocanino.org\/#website","url":"https:\/\/reddeapoyocanino.org\/","name":"Red de Apoyo Canino","description":"Red de Apoyo Canino","publisher":{"@id":"https:\/\/reddeapoyocanino.org\/#organization"},"potentialAction":[{"@type":"SearchAction","target":{"@type":"EntryPoint","urlTemplate":"https:\/\/reddeapoyocanino.org\/?s={search_term_string}"},"query-input":{"@type":"PropertyValueSpecification","valueRequired":true,"valueName":"search_term_string"}}],"inLanguage":"en-US"},{"@type":"Organization","@id":"https:\/\/reddeapoyocanino.org\/#organization","name":"Red de Apoyo Canino","url":"https:\/\/reddeapoyocanino.org\/","logo":{"@type":"ImageObject","inLanguage":"en-US","@id":"https:\/\/reddeapoyocanino.org\/#\/schema\/logo\/image\/","url":"https:\/\/reddeapoyocanino.org\/wp-content\/uploads\/2020\/09\/cropped-cropped-logo-RAC-01-01-1.png","contentUrl":"https:\/\/reddeapoyocanino.org\/wp-content\/uploads\/2020\/09\/cropped-cropped-logo-RAC-01-01-1.png","width":463,"height":203,"caption":"Red de Apoyo Canino"},"image":{"@id":"https:\/\/reddeapoyocanino.org\/#\/schema\/logo\/image\/"}}]}},"_links":{"self":[{"href":"https:\/\/reddeapoyocanino.org\/en\/wp-json\/wp\/v2\/product\/7650","targetHints":{"allow":["GET"]}}],"collection":[{"href":"https:\/\/reddeapoyocanino.org\/en\/wp-json\/wp\/v2\/product"}],"about":[{"href":"https:\/\/reddeapoyocanino.org\/en\/wp-json\/wp\/v2\/types\/product"}],"replies":[{"embeddable":true,"href":"https:\/\/reddeapoyocanino.org\/en\/wp-json\/wp\/v2\/comments?post=7650"}],"wp:featuredmedia":[{"embeddable":true,"href":"https:\/\/reddeapoyocanino.org\/en\/wp-json\/wp\/v2\/media\/7652"}],"wp:attachment":[{"href":"https:\/\/reddeapoyocanino.org\/en\/wp-json\/wp\/v2\/media?parent=7650"}],"wp:term":[{"taxonomy":"product_brand","embeddable":true,"href":"https:\/\/reddeapoyocanino.org\/en\/wp-json\/wp\/v2\/product_brand?post=7650"},{"taxonomy":"product_cat","embeddable":true,"href":"https:\/\/reddeapoyocanino.org\/en\/wp-json\/wp\/v2\/product_cat?post=7650"},{"taxonomy":"product_tag","embeddable":true,"href":"https:\/\/reddeapoyocanino.org\/en\/wp-json\/wp\/v2\/product_tag?post=7650"}],"curies":[{"name":"wp","href":"https:\/\/api.w.org\/{rel}","templated":true}]}}