{"id":5421,"date":"2020-09-21T15:16:00","date_gmt":"2020-09-21T19:16:00","guid":{"rendered":"https:\/\/reddeapoyocanino.org\/?page_id=5421"},"modified":"2021-02-08T10:51:50","modified_gmt":"2021-02-08T14:51:50","slug":"vacunacion","status":"publish","type":"page","link":"https:\/\/reddeapoyocanino.org\/en\/vacunacion\/","title":{"rendered":"Vaccination"},"content":{"rendered":"<div data-elementor-type=\"wp-page\" data-elementor-id=\"5421\" class=\"elementor elementor-5421\">\n\t\t\t\t\t\t<section class=\"elementor-section elementor-top-section elementor-element elementor-element-4d729f3 elementor-section-full_width elementor-section-height-default elementor-section-height-default\" data-id=\"4d729f3\" data-element_type=\"section\" data-e-type=\"section\" data-settings=\"{&quot;background_background&quot;:&quot;classic&quot;}\">\n\t\t\t\t\t\t<div class=\"elementor-container elementor-column-gap-no\">\n\t\t\t\t\t<div class=\"elementor-column elementor-col-100 elementor-top-column elementor-element elementor-element-f5bf403\" data-id=\"f5bf403\" data-element_type=\"column\" data-e-type=\"column\">\n\t\t\t<div class=\"elementor-widget-wrap elementor-element-populated\">\n\t\t\t\t\t\t<div class=\"elementor-element elementor-element-d1dea4d elementor-align-center elementor-hidden-desktop elementor-hidden-tablet elementor-widget elementor-widget-button\" data-id=\"d1dea4d\" data-element_type=\"widget\" data-e-type=\"widget\" data-no-translation=\"\" data-widget_type=\"button.default\">\n\t\t\t\t<div class=\"elementor-widget-container\">\n\t\t\t\t\t<style>.elementor-element-d1dea4d{display:none !important}<\/style>\t\t\t\t<\/div>\n\t\t\t\t<\/div>\n\t\t\t\t\t<\/div>\n\t\t<\/div>\n\t\t\t\t\t<\/div>\n\t\t<\/section>\n\t\t\t\t<section class=\"elementor-section elementor-top-section elementor-element elementor-element-c1b0aed elementor-section-full_width elementor-section-height-default elementor-section-height-default\" data-id=\"c1b0aed\" data-element_type=\"section\" data-e-type=\"section\" data-settings=\"{&quot;background_background&quot;:&quot;classic&quot;}\">\n\t\t\t\t\t\t<div class=\"elementor-container elementor-column-gap-no\">\n\t\t\t\t\t<div class=\"elementor-column elementor-col-100 elementor-top-column elementor-element elementor-element-be33a07\" data-id=\"be33a07\" data-element_type=\"column\" data-e-type=\"column\">\n\t\t\t<div class=\"elementor-widget-wrap elementor-element-populated\">\n\t\t\t\t\t\t<div class=\"elementor-element elementor-element-189894c elementor-align-center elementor-hidden-desktop elementor-hidden-tablet elementor-widget elementor-widget-button\" data-id=\"189894c\" data-element_type=\"widget\" data-e-type=\"widget\" data-no-translation=\"\" data-widget_type=\"button.default\">\n\t\t\t\t<div class=\"elementor-widget-container\">\n\t\t\t\t\t\t\t\t\t<div class=\"elementor-button-wrapper\">\n\t\t\t\t\t<a class=\"elementor-button elementor-button-link elementor-size-xl\" href=\"https:\/\/reddeapoyocanino.org\/dona-metalico\/\">\n\t\t\t\t\t\t<span class=\"elementor-button-content-wrapper\">\n\t\t\t\t\t\t\t\t\t<span class=\"elementor-button-text\">DONATE<\/span>\n\t\t\t\t\t<\/span>\n\t\t\t\t\t<\/a>\n\t\t\t\t<\/div>\n\t\t\t\t\t\t\t\t<\/div>\n\t\t\t\t<\/div>\n\t\t\t\t\t<\/div>\n\t\t<\/div>\n\t\t\t\t\t<\/div>\n\t\t<\/section>\n\t\t\t\t<section class=\"elementor-section elementor-top-section elementor-element elementor-element-45a2d97 elementor-section-full_width elementor-hidden-tablet elementor-hidden-phone elementor-section-height-default elementor-section-height-default\" data-id=\"45a2d97\" data-element_type=\"section\" data-e-type=\"section\">\n\t\t\t\t\t\t<div class=\"elementor-container elementor-column-gap-default\">\n\t\t\t\t\t<div class=\"elementor-column elementor-col-100 elementor-top-column elementor-element elementor-element-f66a0e2\" data-id=\"f66a0e2\" data-element_type=\"column\" data-e-type=\"column\">\n\t\t\t<div class=\"elementor-widget-wrap elementor-element-populated\">\n\t\t\t\t\t\t<div class=\"elementor-element elementor-element-bd51d81 elementor-widget elementor-widget-shortcode\" data-id=\"bd51d81\" data-element_type=\"widget\" data-e-type=\"widget\" data-widget_type=\"shortcode.default\">\n\t\t\t\t<div class=\"elementor-widget-container\">\n\t\t\t\t\t\t\t<div class=\"elementor-shortcode\"> \n\n\n<\/div>\n\t\t\t\t\t\t<\/div>\n\t\t\t\t<\/div>\n\t\t\t\t\t<\/div>\n\t\t<\/div>\n\t\t\t\t\t<\/div>\n\t\t<\/section>\n\t\t\t\t<section class=\"elementor-section elementor-top-section elementor-element elementor-element-54adb9d elementor-section-full_width elementor-hidden-desktop elementor-section-height-default elementor-section-height-default\" data-id=\"54adb9d\" data-element_type=\"section\" data-e-type=\"section\">\n\t\t\t\t\t\t<div class=\"elementor-container elementor-column-gap-default\">\n\t\t\t\t\t<div class=\"elementor-column elementor-col-100 elementor-top-column elementor-element elementor-element-846641b\" data-id=\"846641b\" data-element_type=\"column\" data-e-type=\"column\">\n\t\t\t<div class=\"elementor-widget-wrap elementor-element-populated\">\n\t\t\t\t\t\t<div class=\"elementor-element elementor-element-5a33271 elementor-widget elementor-widget-shortcode\" data-id=\"5a33271\" data-element_type=\"widget\" data-e-type=\"widget\" data-widget_type=\"shortcode.default\">\n\t\t\t\t<div class=\"elementor-widget-container\">\n\t\t\t\t\t\t\t<div class=\"elementor-shortcode\"> \n\n\n<\/div>\n\t\t\t\t\t\t<\/div>\n\t\t\t\t<\/div>\n\t\t\t\t\t<\/div>\n\t\t<\/div>\n\t\t\t\t\t<\/div>\n\t\t<\/section>\n\t\t\t\t<section class=\"elementor-section elementor-top-section elementor-element elementor-element-2447c25 elementor-section-boxed elementor-section-height-default elementor-section-height-default\" data-id=\"2447c25\" data-element_type=\"section\" data-e-type=\"section\">\n\t\t\t\t\t\t<div class=\"elementor-container elementor-column-gap-default\">\n\t\t\t\t\t<div class=\"elementor-column elementor-col-100 elementor-top-column elementor-element elementor-element-db8686c\" data-id=\"db8686c\" data-element_type=\"column\" data-e-type=\"column\">\n\t\t\t<div class=\"elementor-widget-wrap elementor-element-populated\">\n\t\t\t\t\t\t<div class=\"elementor-element elementor-element-793cef0 elementor-hidden-tablet elementor-hidden-phone elementor-widget elementor-widget-spacer\" data-id=\"793cef0\" data-element_type=\"widget\" data-e-type=\"widget\" data-widget_type=\"spacer.default\">\n\t\t\t\t<div class=\"elementor-widget-container\">\n\t\t\t\t\t\t\t<div class=\"elementor-spacer\">\n\t\t\t<div class=\"elementor-spacer-inner\"><\/div>\n\t\t<\/div>\n\t\t\t\t\t\t<\/div>\n\t\t\t\t<\/div>\n\t\t\t\t\t<\/div>\n\t\t<\/div>\n\t\t\t\t\t<\/div>\n\t\t<\/section>\n\t\t\t\t<section class=\"elementor-section elementor-top-section elementor-element elementor-element-f485b73 elementor-section-boxed elementor-section-height-default elementor-section-height-default\" data-id=\"f485b73\" data-element_type=\"section\" data-e-type=\"section\">\n\t\t\t\t\t\t<div class=\"elementor-container elementor-column-gap-default\">\n\t\t\t\t\t<div class=\"elementor-column elementor-col-50 elementor-top-column elementor-element elementor-element-da1c6f3\" data-id=\"da1c6f3\" data-element_type=\"column\" data-e-type=\"column\">\n\t\t\t<div class=\"elementor-widget-wrap elementor-element-populated\">\n\t\t\t\t\t\t<div class=\"elementor-element elementor-element-f64b052 elementor-widget elementor-widget-text-editor\" data-id=\"f64b052\" data-element_type=\"widget\" data-e-type=\"widget\" data-widget_type=\"text-editor.default\">\n\t\t\t\t<div class=\"elementor-widget-container\">\n\t\t\t\t\t\t\t\t\t<p><strong>Vaccination At Low Cost<\/strong><\/p>\t\t\t\t\t\t\t\t<\/div>\n\t\t\t\t<\/div>\n\t\t\t\t\t<\/div>\n\t\t<\/div>\n\t\t\t\t<div class=\"elementor-column elementor-col-50 elementor-top-column elementor-element elementor-element-b880fb2 elementor-hidden-tablet elementor-hidden-phone\" data-id=\"b880fb2\" data-element_type=\"column\" data-e-type=\"column\">\n\t\t\t<div class=\"elementor-widget-wrap\">\n\t\t\t\t\t\t\t<\/div>\n\t\t<\/div>\n\t\t\t\t\t<\/div>\n\t\t<\/section>\n\t\t\t\t<section class=\"elementor-section elementor-top-section elementor-element elementor-element-f6d78b5 elementor-section-boxed elementor-section-height-default elementor-section-height-default\" data-id=\"f6d78b5\" data-element_type=\"section\" data-e-type=\"section\">\n\t\t\t\t\t\t<div class=\"elementor-container elementor-column-gap-default\">\n\t\t\t\t\t<div class=\"elementor-column elementor-col-100 elementor-top-column elementor-element elementor-element-38c1b21\" data-id=\"38c1b21\" data-element_type=\"column\" data-e-type=\"column\">\n\t\t\t<div class=\"elementor-widget-wrap elementor-element-populated\">\n\t\t\t\t\t\t<div class=\"elementor-element elementor-element-b3b328f elementor-widget elementor-widget-text-editor\" data-id=\"b3b328f\" data-element_type=\"widget\" data-e-type=\"widget\" data-widget_type=\"text-editor.default\">\n\t\t\t\t<div class=\"elementor-widget-container\">\n\t\t\t\t\t\t\t\t\t<p>We have the service of low cost vaccination days for community dogs and cats and \/ or low-income families.<\/p><p>With this service we seek the welfare and health of the animals. Thanks to the subsidy that we offer to massify and to be able to vaccinate the greater possible amount of animals, of systematic form and with the mystical attention of our team of veterinarians.<\/p>\t\t\t\t\t\t\t\t<\/div>\n\t\t\t\t<\/div>\n\t\t\t\t<div class=\"elementor-element elementor-element-c6bf6e9 elementor-hidden-tablet elementor-hidden-phone elementor-widget elementor-widget-spacer\" data-id=\"c6bf6e9\" data-element_type=\"widget\" data-e-type=\"widget\" data-widget_type=\"spacer.default\">\n\t\t\t\t<div class=\"elementor-widget-container\">\n\t\t\t\t\t\t\t<div class=\"elementor-spacer\">\n\t\t\t<div class=\"elementor-spacer-inner\"><\/div>\n\t\t<\/div>\n\t\t\t\t\t\t<\/div>\n\t\t\t\t<\/div>\n\t\t\t\t\t<\/div>\n\t\t<\/div>\n\t\t\t\t\t<\/div>\n\t\t<\/section>\n\t\t\t\t<section class=\"elementor-section elementor-top-section elementor-element elementor-element-55c2954 elementor-section-full_width elementor-hidden-desktop elementor-section-height-default elementor-section-height-default\" data-id=\"55c2954\" data-element_type=\"section\" data-e-type=\"section\">\n\t\t\t\t\t\t<div class=\"elementor-container elementor-column-gap-default\">\n\t\t\t\t\t<div class=\"elementor-column elementor-col-100 elementor-top-column elementor-element elementor-element-2fabe1b\" data-id=\"2fabe1b\" data-element_type=\"column\" data-e-type=\"column\">\n\t\t\t<div class=\"elementor-widget-wrap elementor-element-populated\">\n\t\t\t\t\t\t<div class=\"elementor-element elementor-element-58f0d04 elementor-widget elementor-widget-shortcode\" data-id=\"58f0d04\" data-element_type=\"widget\" data-e-type=\"widget\" data-widget_type=\"shortcode.default\">\n\t\t\t\t<div class=\"elementor-widget-container\">\n\t\t\t\t\t\t\t<div class=\"elementor-shortcode\"><\/div>\n\t\t\t\t\t\t<\/div>\n\t\t\t\t<\/div>\n\t\t\t\t\t<\/div>\n\t\t<\/div>\n\t\t\t\t\t<\/div>\n\t\t<\/section>\n\t\t\t\t<section class=\"elementor-section elementor-top-section elementor-element elementor-element-a0ec3dc elementor-section-full_width elementor-hidden-tablet elementor-hidden-phone elementor-section-height-default elementor-section-height-default\" data-id=\"a0ec3dc\" data-element_type=\"section\" data-e-type=\"section\">\n\t\t\t\t\t\t<div class=\"elementor-container elementor-column-gap-default\">\n\t\t\t\t\t<div class=\"elementor-column elementor-col-100 elementor-top-column elementor-element elementor-element-6122115\" data-id=\"6122115\" data-element_type=\"column\" data-e-type=\"column\">\n\t\t\t<div class=\"elementor-widget-wrap elementor-element-populated\">\n\t\t\t\t\t\t<div class=\"elementor-element elementor-element-2fc767d elementor-widget elementor-widget-shortcode\" data-id=\"2fc767d\" data-element_type=\"widget\" data-e-type=\"widget\" data-widget_type=\"shortcode.default\">\n\t\t\t\t<div class=\"elementor-widget-container\">\n\t\t\t\t\t\t\t<div class=\"elementor-shortcode\"><\/div>\n\t\t\t\t\t\t<\/div>\n\t\t\t\t<\/div>\n\t\t\t\t\t<\/div>\n\t\t<\/div>\n\t\t\t\t\t<\/div>\n\t\t<\/section>\n\t\t\t\t<section class=\"elementor-section elementor-top-section elementor-element elementor-element-fd028e3 elementor-section-boxed elementor-section-height-default elementor-section-height-default\" data-id=\"fd028e3\" data-element_type=\"section\" data-e-type=\"section\">\n\t\t\t\t\t\t<div class=\"elementor-container elementor-column-gap-default\">\n\t\t\t\t\t<div class=\"elementor-column elementor-col-100 elementor-top-column elementor-element elementor-element-c2c7bb2\" data-id=\"c2c7bb2\" data-element_type=\"column\" data-e-type=\"column\">\n\t\t\t<div class=\"elementor-widget-wrap elementor-element-populated\">\n\t\t\t\t\t\t<div class=\"elementor-element elementor-element-c3f615f elementor-hidden-tablet elementor-hidden-phone elementor-widget elementor-widget-spacer\" data-id=\"c3f615f\" data-element_type=\"widget\" data-e-type=\"widget\" data-widget_type=\"spacer.default\">\n\t\t\t\t<div class=\"elementor-widget-container\">\n\t\t\t\t\t\t\t<div class=\"elementor-spacer\">\n\t\t\t<div class=\"elementor-spacer-inner\"><\/div>\n\t\t<\/div>\n\t\t\t\t\t\t<\/div>\n\t\t\t\t<\/div>\n\t\t\t\t\t<\/div>\n\t\t<\/div>\n\t\t\t\t\t<\/div>\n\t\t<\/section>\n\t\t\t\t<section class=\"elementor-section elementor-top-section elementor-element elementor-element-463aee1 elementor-section-boxed elementor-section-height-default elementor-section-height-default\" data-id=\"463aee1\" data-element_type=\"section\" data-e-type=\"section\">\n\t\t\t\t\t\t<div class=\"elementor-container elementor-column-gap-default\">\n\t\t\t\t\t<div class=\"elementor-column elementor-col-100 elementor-top-column elementor-element elementor-element-c16429f\" data-id=\"c16429f\" data-element_type=\"column\" data-e-type=\"column\">\n\t\t\t<div class=\"elementor-widget-wrap elementor-element-populated\">\n\t\t\t\t\t\t<div class=\"elementor-element elementor-element-2ad4395 elementor-widget elementor-widget-spacer\" data-id=\"2ad4395\" data-element_type=\"widget\" data-e-type=\"widget\" data-widget_type=\"spacer.default\">\n\t\t\t\t<div class=\"elementor-widget-container\">\n\t\t\t\t\t\t\t<div class=\"elementor-spacer\">\n\t\t\t<div class=\"elementor-spacer-inner\"><\/div>\n\t\t<\/div>\n\t\t\t\t\t\t<\/div>\n\t\t\t\t<\/div>\n\t\t\t\t\t<\/div>\n\t\t<\/div>\n\t\t\t\t\t<\/div>\n\t\t<\/section>\n\t\t\t\t<section class=\"elementor-section elementor-top-section elementor-element elementor-element-2564e6c elementor-section-boxed elementor-section-height-default elementor-section-height-default\" data-id=\"2564e6c\" data-element_type=\"section\" data-e-type=\"section\">\n\t\t\t\t\t\t<div class=\"elementor-container elementor-column-gap-default\">\n\t\t\t\t\t<div class=\"elementor-column elementor-col-100 elementor-top-column elementor-element elementor-element-8a3072e\" data-id=\"8a3072e\" data-element_type=\"column\" data-e-type=\"column\">\n\t\t\t<div class=\"elementor-widget-wrap elementor-element-populated\">\n\t\t\t\t\t\t<div class=\"elementor-element elementor-element-9b728a6 elementor-widget elementor-widget-heading\" data-id=\"9b728a6\" data-element_type=\"widget\" data-e-type=\"widget\" data-widget_type=\"heading.default\">\n\t\t\t\t<div class=\"elementor-widget-container\">\n\t\t\t\t\t<h2 class=\"elementor-heading-title elementor-size-default\">Other Ways To Help:<\/h2>\t\t\t\t<\/div>\n\t\t\t\t<\/div>\n\t\t\t\t<div class=\"elementor-element elementor-element-9f941f1 elementor-widget elementor-widget-text-editor\" data-id=\"9f941f1\" data-element_type=\"widget\" data-e-type=\"widget\" data-widget_type=\"text-editor.default\">\n\t\t\t\t<div class=\"elementor-widget-container\">\n\t\t\t\t\t\t\t\t\t<p><a href=\"https:\/\/reddeapoyocanino.org\/index.php\/adopta\/\">Adopt a Furry<\/a><\/p><p><a href=\"https:\/\/www.instagram.com\/reddeapoyocanino\/\">Support us on Instagram<\/a><\/p><p><a href=\"https:\/\/twitter.com\/apoyocanino?ref_src=twsrcgoogletwcampserptwgrauthor\">Support us on Twitter<\/a><\/p><p><a href=\"https:\/\/facebook.com\/apoyocanino\/\">Support us on Facebook<\/a><\/p><p><a href=\"https:\/\/reddeapoyocanino.org\/index.php\/dona-metalico\/\">Donate Metallic<\/a><\/p><p><a href=\"https:\/\/reddeapoyocanino.org\/index.php\/dona-insumos\/\">Donate Supplies<\/a><\/p>\t\t\t\t\t\t\t\t<\/div>\n\t\t\t\t<\/div>\n\t\t\t\t\t<\/div>\n\t\t<\/div>\n\t\t\t\t\t<\/div>\n\t\t<\/section>\n\t\t\t\t<\/div>","protected":false},"excerpt":{"rendered":"<p>DONA Vacunaci\u00f3n, a bajo costo Contamos con el servicio de jornadas de vacunaci\u00f3n a bajo costo para perros y gatos comunitarios y\/o de familias de bajos recursos. Con este servicio [&hellip;]<\/p>\n","protected":false},"author":3,"featured_media":0,"parent":0,"menu_order":0,"comment_status":"closed","ping_status":"closed","template":"","meta":{"site-sidebar-layout":"no-sidebar","site-content-layout":"page-builder","ast-site-content-layout":"default","site-content-style":"default","site-sidebar-style":"default","ast-global-header-display":"","ast-banner-title-visibility":"","ast-main-header-display":"","ast-hfb-above-header-display":"","ast-hfb-below-header-display":"","ast-hfb-mobile-header-display":"","site-post-title":"disabled","ast-breadcrumbs-content":"","ast-featured-img":"","footer-sml-layout":"","ast-disable-related-posts":"","theme-transparent-header-meta":"disabled","adv-header-id-meta":"","stick-header-meta":"","header-above-stick-meta":"","header-main-stick-meta":"","header-below-stick-meta":"","astra-migrate-meta-layouts":"default","ast-page-background-enabled":"default","ast-page-background-meta":{"desktop":{"background-color":"","background-image":"","background-repeat":"repeat","background-position":"center center","background-size":"auto","background-attachment":"scroll","background-type":"","background-media":"","overlay-type":"","overlay-color":"","overlay-opacity":"","overlay-gradient":""},"tablet":{"background-color":"","background-image":"","background-repeat":"repeat","background-position":"center center","background-size":"auto","background-attachment":"scroll","background-type":"","background-media":"","overlay-type":"","overlay-color":"","overlay-opacity":"","overlay-gradient":""},"mobile":{"background-color":"","background-image":"","background-repeat":"repeat","background-position":"center center","background-size":"auto","background-attachment":"scroll","background-type":"","background-media":"","overlay-type":"","overlay-color":"","overlay-opacity":"","overlay-gradient":""}},"ast-content-background-meta":{"desktop":{"background-color":"var(--ast-global-color-5)","background-image":"","background-repeat":"repeat","background-position":"center center","background-size":"auto","background-attachment":"scroll","background-type":"","background-media":"","overlay-type":"","overlay-color":"","overlay-opacity":"","overlay-gradient":""},"tablet":{"background-color":"var(--ast-global-color-5)","background-image":"","background-repeat":"repeat","background-position":"center center","background-size":"auto","background-attachment":"scroll","background-type":"","background-media":"","overlay-type":"","overlay-color":"","overlay-opacity":"","overlay-gradient":""},"mobile":{"background-color":"var(--ast-global-color-5)","background-image":"","background-repeat":"repeat","background-position":"center center","background-size":"auto","background-attachment":"scroll","background-type":"","background-media":"","overlay-type":"","overlay-color":"","overlay-opacity":"","overlay-gradient":""}},"ngg_post_thumbnail":0,"footnotes":""},"class_list":["post-5421","page","type-page","status-publish","hentry"],"yoast_head":"<!-- This site is optimized with the Yoast SEO plugin v27.4 - https:\/\/yoast.com\/product\/yoast-seo-wordpress\/ -->\n<title>Vacunaci\u00f3n - Red de Apoyo Canino<\/title>\n<meta name=\"robots\" content=\"index, follow, max-snippet:-1, max-image-preview:large, max-video-preview:-1\" \/>\n<link rel=\"canonical\" href=\"https:\/\/reddeapoyocanino.org\/en\/vacunacion\/\" \/>\n<meta property=\"og:locale\" content=\"en_US\" \/>\n<meta property=\"og:type\" content=\"article\" \/>\n<meta property=\"og:title\" content=\"Vacunaci\u00f3n - Red de Apoyo Canino\" \/>\n<meta property=\"og:description\" content=\"DONA Vacunaci\u00f3n, a bajo costo Contamos con el servicio de jornadas de vacunaci\u00f3n a bajo costo para perros y gatos comunitarios y\/o de familias de bajos recursos. Con este servicio [&hellip;]\" \/>\n<meta property=\"og:url\" content=\"https:\/\/reddeapoyocanino.org\/en\/vacunacion\/\" \/>\n<meta property=\"og:site_name\" content=\"Red de Apoyo Canino\" \/>\n<meta property=\"article:modified_time\" content=\"2021-02-08T14:51:50+00:00\" \/>\n<meta name=\"twitter:card\" content=\"summary_large_image\" \/>\n<meta name=\"twitter:label1\" content=\"Est. reading time\" \/>\n\t<meta name=\"twitter:data1\" content=\"1 minute\" \/>\n<script type=\"application\/ld+json\" class=\"yoast-schema-graph\">{\"@context\":\"https:\\\/\\\/schema.org\",\"@graph\":[{\"@type\":\"WebPage\",\"@id\":\"https:\\\/\\\/reddeapoyocanino.org\\\/vacunacion\\\/\",\"url\":\"https:\\\/\\\/reddeapoyocanino.org\\\/vacunacion\\\/\",\"name\":\"Vacunaci\u00f3n - Red de Apoyo Canino\",\"isPartOf\":{\"@id\":\"https:\\\/\\\/reddeapoyocanino.org\\\/#website\"},\"datePublished\":\"2020-09-21T19:16:00+00:00\",\"dateModified\":\"2021-02-08T14:51:50+00:00\",\"breadcrumb\":{\"@id\":\"https:\\\/\\\/reddeapoyocanino.org\\\/vacunacion\\\/#breadcrumb\"},\"inLanguage\":\"en-US\",\"potentialAction\":[{\"@type\":\"ReadAction\",\"target\":[\"https:\\\/\\\/reddeapoyocanino.org\\\/vacunacion\\\/\"]}]},{\"@type\":\"BreadcrumbList\",\"@id\":\"https:\\\/\\\/reddeapoyocanino.org\\\/vacunacion\\\/#breadcrumb\",\"itemListElement\":[{\"@type\":\"ListItem\",\"position\":1,\"name\":\"Home\",\"item\":\"https:\\\/\\\/reddeapoyocanino.org\\\/\"},{\"@type\":\"ListItem\",\"position\":2,\"name\":\"Vacunaci\u00f3n\"}]},{\"@type\":\"WebSite\",\"@id\":\"https:\\\/\\\/reddeapoyocanino.org\\\/#website\",\"url\":\"https:\\\/\\\/reddeapoyocanino.org\\\/\",\"name\":\"Red de Apoyo Canino\",\"description\":\"Red de Apoyo Canino\",\"publisher\":{\"@id\":\"https:\\\/\\\/reddeapoyocanino.org\\\/#organization\"},\"potentialAction\":[{\"@type\":\"SearchAction\",\"target\":{\"@type\":\"EntryPoint\",\"urlTemplate\":\"https:\\\/\\\/reddeapoyocanino.org\\\/?s={search_term_string}\"},\"query-input\":{\"@type\":\"PropertyValueSpecification\",\"valueRequired\":true,\"valueName\":\"search_term_string\"}}],\"inLanguage\":\"en-US\"},{\"@type\":\"Organization\",\"@id\":\"https:\\\/\\\/reddeapoyocanino.org\\\/#organization\",\"name\":\"Red de Apoyo Canino\",\"url\":\"https:\\\/\\\/reddeapoyocanino.org\\\/\",\"logo\":{\"@type\":\"ImageObject\",\"inLanguage\":\"en-US\",\"@id\":\"https:\\\/\\\/reddeapoyocanino.org\\\/#\\\/schema\\\/logo\\\/image\\\/\",\"url\":\"https:\\\/\\\/reddeapoyocanino.org\\\/wp-content\\\/uploads\\\/2020\\\/09\\\/cropped-cropped-logo-RAC-01-01-1.png\",\"contentUrl\":\"https:\\\/\\\/reddeapoyocanino.org\\\/wp-content\\\/uploads\\\/2020\\\/09\\\/cropped-cropped-logo-RAC-01-01-1.png\",\"width\":463,\"height\":203,\"caption\":\"Red de Apoyo Canino\"},\"image\":{\"@id\":\"https:\\\/\\\/reddeapoyocanino.org\\\/#\\\/schema\\\/logo\\\/image\\\/\"}}]}<\/script>\n<!-- \/ Yoast SEO plugin. -->","yoast_head_json":{"title":"Vacunaci\u00f3n - Red de Apoyo Canino","robots":{"index":"index","follow":"follow","max-snippet":"max-snippet:-1","max-image-preview":"max-image-preview:large","max-video-preview":"max-video-preview:-1"},"canonical":"https:\/\/reddeapoyocanino.org\/en\/vacunacion\/","og_locale":"en_US","og_type":"article","og_title":"Vacunaci\u00f3n - Red de Apoyo Canino","og_description":"DONA Vacunaci\u00f3n, a bajo costo Contamos con el servicio de jornadas de vacunaci\u00f3n a bajo costo para perros y gatos comunitarios y\/o de familias de bajos recursos. Con este servicio [&hellip;]","og_url":"https:\/\/reddeapoyocanino.org\/en\/vacunacion\/","og_site_name":"Red de Apoyo Canino","article_modified_time":"2021-02-08T14:51:50+00:00","twitter_card":"summary_large_image","twitter_misc":{"Est. reading time":"1 minute"},"schema":{"@context":"https:\/\/schema.org","@graph":[{"@type":"WebPage","@id":"https:\/\/reddeapoyocanino.org\/vacunacion\/","url":"https:\/\/reddeapoyocanino.org\/vacunacion\/","name":"Vacunaci\u00f3n - Red de Apoyo Canino","isPartOf":{"@id":"https:\/\/reddeapoyocanino.org\/#website"},"datePublished":"2020-09-21T19:16:00+00:00","dateModified":"2021-02-08T14:51:50+00:00","breadcrumb":{"@id":"https:\/\/reddeapoyocanino.org\/vacunacion\/#breadcrumb"},"inLanguage":"en-US","potentialAction":[{"@type":"ReadAction","target":["https:\/\/reddeapoyocanino.org\/vacunacion\/"]}]},{"@type":"BreadcrumbList","@id":"https:\/\/reddeapoyocanino.org\/vacunacion\/#breadcrumb","itemListElement":[{"@type":"ListItem","position":1,"name":"Home","item":"https:\/\/reddeapoyocanino.org\/"},{"@type":"ListItem","position":2,"name":"Vacunaci\u00f3n"}]},{"@type":"WebSite","@id":"https:\/\/reddeapoyocanino.org\/#website","url":"https:\/\/reddeapoyocanino.org\/","name":"Red de Apoyo Canino","description":"Red de Apoyo Canino","publisher":{"@id":"https:\/\/reddeapoyocanino.org\/#organization"},"potentialAction":[{"@type":"SearchAction","target":{"@type":"EntryPoint","urlTemplate":"https:\/\/reddeapoyocanino.org\/?s={search_term_string}"},"query-input":{"@type":"PropertyValueSpecification","valueRequired":true,"valueName":"search_term_string"}}],"inLanguage":"en-US"},{"@type":"Organization","@id":"https:\/\/reddeapoyocanino.org\/#organization","name":"Red de Apoyo Canino","url":"https:\/\/reddeapoyocanino.org\/","logo":{"@type":"ImageObject","inLanguage":"en-US","@id":"https:\/\/reddeapoyocanino.org\/#\/schema\/logo\/image\/","url":"https:\/\/reddeapoyocanino.org\/wp-content\/uploads\/2020\/09\/cropped-cropped-logo-RAC-01-01-1.png","contentUrl":"https:\/\/reddeapoyocanino.org\/wp-content\/uploads\/2020\/09\/cropped-cropped-logo-RAC-01-01-1.png","width":463,"height":203,"caption":"Red de Apoyo Canino"},"image":{"@id":"https:\/\/reddeapoyocanino.org\/#\/schema\/logo\/image\/"}}]}},"_links":{"self":[{"href":"https:\/\/reddeapoyocanino.org\/en\/wp-json\/wp\/v2\/pages\/5421","targetHints":{"allow":["GET"]}}],"collection":[{"href":"https:\/\/reddeapoyocanino.org\/en\/wp-json\/wp\/v2\/pages"}],"about":[{"href":"https:\/\/reddeapoyocanino.org\/en\/wp-json\/wp\/v2\/types\/page"}],"author":[{"embeddable":true,"href":"https:\/\/reddeapoyocanino.org\/en\/wp-json\/wp\/v2\/users\/3"}],"replies":[{"embeddable":true,"href":"https:\/\/reddeapoyocanino.org\/en\/wp-json\/wp\/v2\/comments?post=5421"}],"version-history":[{"count":54,"href":"https:\/\/reddeapoyocanino.org\/en\/wp-json\/wp\/v2\/pages\/5421\/revisions"}],"predecessor-version":[{"id":7441,"href":"https:\/\/reddeapoyocanino.org\/en\/wp-json\/wp\/v2\/pages\/5421\/revisions\/7441"}],"wp:attachment":[{"href":"https:\/\/reddeapoyocanino.org\/en\/wp-json\/wp\/v2\/media?parent=5421"}],"curies":[{"name":"wp","href":"https:\/\/api.w.org\/{rel}","templated":true}]}}